{"id":100,"date":"2026-03-20T12:41:18","date_gmt":"2026-03-20T11:41:18","guid":{"rendered":"https:\/\/bip.bedkow.eu\/?page_id=100"},"modified":"2026-03-20T12:41:18","modified_gmt":"2026-03-20T11:41:18","slug":"statut","status":"publish","type":"page","link":"https:\/\/bip.bedkow.eu\/index.php\/statut\/","title":{"rendered":"Statut"},"content":{"rendered":"\n<div data-wp-interactive=\"core\/file\" class=\"wp-block-file\"><object data-wp-bind--hidden=\"!state.hasPdfPreview\" hidden class=\"wp-block-file__embed\" data=\"https:\/\/bip.bedkow.eu\/wp-content\/uploads\/2026\/03\/uchwala-XXXIV-214-18.pdf\" type=\"application\/pdf\" style=\"width:100%;height:600px\" aria-label=\"Osadzone z uchwa\u0142a-XXXIV-214-18.\"><\/object><a id=\"wp-block-file--media-0b151112-14ad-4c41-8c1a-871bd11f4655\" href=\"https:\/\/bip.bedkow.eu\/wp-content\/uploads\/2026\/03\/uchwala-XXXIV-214-18.pdf\">uchwa\u0142a-XXXIV-214-18<\/a><a href=\"https:\/\/bip.bedkow.eu\/wp-content\/uploads\/2026\/03\/uchwala-XXXIV-214-18.pdf\" class=\"wp-block-file__button wp-element-button\" download aria-describedby=\"wp-block-file--media-0b151112-14ad-4c41-8c1a-871bd11f4655\">Pobierz<\/a><\/div>\n\n\n\n<div data-wp-interactive=\"core\/file\" class=\"wp-block-file\"><object data-wp-bind--hidden=\"!state.hasPdfPreview\" hidden class=\"wp-block-file__embed\" data=\"https:\/\/bip.bedkow.eu\/wp-content\/uploads\/2026\/03\/zalacznik-do-uchwaly-XXXIV-214-18.pdf\" type=\"application\/pdf\" style=\"width:100%;height:600px\" aria-label=\"Osadzone z za\u0142\u0105cznik do uchwa\u0142y-XXXIV-214-18.\"><\/object><a id=\"wp-block-file--media-e0457a8c-9dac-475f-bc87-b9b8a3331ab3\" href=\"https:\/\/bip.bedkow.eu\/wp-content\/uploads\/2026\/03\/zalacznik-do-uchwaly-XXXIV-214-18.pdf\">za\u0142\u0105cznik do uchwa\u0142y-XXXIV-214-18<\/a><a href=\"https:\/\/bip.bedkow.eu\/wp-content\/uploads\/2026\/03\/zalacznik-do-uchwaly-XXXIV-214-18.pdf\" class=\"wp-block-file__button wp-element-button\" download aria-describedby=\"wp-block-file--media-e0457a8c-9dac-475f-bc87-b9b8a3331ab3\">Pobierz<\/a><\/div>\n","protected":false},"excerpt":{"rendered":"","protected":false},"author":1,"featured_media":0,"parent":0,"menu_order":0,"comment_status":"closed","ping_status":"closed","template":"","meta":{"footnotes":""},"class_list":["post-100","page","type-page","status-publish","hentry"],"_links":{"self":[{"href":"https:\/\/bip.bedkow.eu\/index.php\/wp-json\/wp\/v2\/pages\/100","targetHints":{"allow":["GET"]}}],"collection":[{"href":"https:\/\/bip.bedkow.eu\/index.php\/wp-json\/wp\/v2\/pages"}],"about":[{"href":"https:\/\/bip.bedkow.eu\/index.php\/wp-json\/wp\/v2\/types\/page"}],"author":[{"embeddable":true,"href":"https:\/\/bip.bedkow.eu\/index.php\/wp-json\/wp\/v2\/users\/1"}],"replies":[{"embeddable":true,"href":"https:\/\/bip.bedkow.eu\/index.php\/wp-json\/wp\/v2\/comments?post=100"}],"version-history":[{"count":1,"href":"https:\/\/bip.bedkow.eu\/index.php\/wp-json\/wp\/v2\/pages\/100\/revisions"}],"predecessor-version":[{"id":103,"href":"https:\/\/bip.bedkow.eu\/index.php\/wp-json\/wp\/v2\/pages\/100\/revisions\/103"}],"wp:attachment":[{"href":"https:\/\/bip.bedkow.eu\/index.php\/wp-json\/wp\/v2\/media?parent=100"}],"curies":[{"name":"wp","href":"https:\/\/api.w.org\/{rel}","templated":true}]}}