{"id":80,"date":"2025-09-18T07:58:37","date_gmt":"2025-09-18T06:58:37","guid":{"rendered":"https:\/\/bip.bedkow.eu\/?page_id=80"},"modified":"2025-09-18T07:59:13","modified_gmt":"2025-09-18T06:59:13","slug":"kierownik-jednostki","status":"publish","type":"page","link":"https:\/\/bip.bedkow.eu\/index.php\/kierownik-jednostki\/","title":{"rendered":"Kierownik jednostki"},"content":{"rendered":"\n<h3 class=\"wp-block-heading\">Bogda<br>\u0141\u0105gwa<\/h3>\n\n\n\n<p>Kierownik Gminnego O\u015brodka Pomocy Spo\u0142ecznej w B\u0119dkowie<\/p>\n\n\n\n<p><\/p>\n","protected":false},"excerpt":{"rendered":"<p>Bogda\u0141\u0105gwa Kierownik Gminnego O\u015brodka Pomocy Spo\u0142ecznej w B\u0119dkowie<\/p>\n","protected":false},"author":1,"featured_media":0,"parent":0,"menu_order":0,"comment_status":"closed","ping_status":"closed","template":"","meta":{"footnotes":""},"class_list":["post-80","page","type-page","status-publish","hentry"],"_links":{"self":[{"href":"https:\/\/bip.bedkow.eu\/index.php\/wp-json\/wp\/v2\/pages\/80","targetHints":{"allow":["GET"]}}],"collection":[{"href":"https:\/\/bip.bedkow.eu\/index.php\/wp-json\/wp\/v2\/pages"}],"about":[{"href":"https:\/\/bip.bedkow.eu\/index.php\/wp-json\/wp\/v2\/types\/page"}],"author":[{"embeddable":true,"href":"https:\/\/bip.bedkow.eu\/index.php\/wp-json\/wp\/v2\/users\/1"}],"replies":[{"embeddable":true,"href":"https:\/\/bip.bedkow.eu\/index.php\/wp-json\/wp\/v2\/comments?post=80"}],"version-history":[{"count":2,"href":"https:\/\/bip.bedkow.eu\/index.php\/wp-json\/wp\/v2\/pages\/80\/revisions"}],"predecessor-version":[{"id":82,"href":"https:\/\/bip.bedkow.eu\/index.php\/wp-json\/wp\/v2\/pages\/80\/revisions\/82"}],"wp:attachment":[{"href":"https:\/\/bip.bedkow.eu\/index.php\/wp-json\/wp\/v2\/media?parent=80"}],"curies":[{"name":"wp","href":"https:\/\/api.w.org\/{rel}","templated":true}]}}