{"id":83,"date":"2025-09-18T07:59:52","date_gmt":"2025-09-18T06:59:52","guid":{"rendered":"https:\/\/bip.bedkow.eu\/?page_id=83"},"modified":"2025-09-18T07:59:52","modified_gmt":"2025-09-18T06:59:52","slug":"pracownicy","status":"publish","type":"page","link":"https:\/\/bip.bedkow.eu\/index.php\/pracownicy\/","title":{"rendered":"Pracownicy"},"content":{"rendered":"\n<h3 class=\"wp-block-heading\">Agata<br>\u0141aszczewska<\/h3>\n\n\n\n<p>Pracownik administracyjny<\/p>\n\n\n\n<h3 class=\"wp-block-heading\">Ma\u0142gorzata<br>Leszczy\u0144ska<\/h3>\n\n\n\n<p>Pracownik do spraw \u015bwiadcze\u0144 rodzinnych<\/p>\n\n\n\n<h3 class=\"wp-block-heading\">Anna<br>\u015aliwi\u0144ska<\/h3>\n\n\n\n<p>Pracownik socjalny<\/p>\n\n\n\n<h3 class=\"wp-block-heading\">Emilia<br>Jachowicz<\/h3>\n\n\n\n<p>Pracownik socjalny<\/p>\n\n\n\n<h3 class=\"wp-block-heading\">Marta<br>B\u0142och<\/h3>\n\n\n\n<p>Pracownik socjalny<\/p>\n\n\n\n<h3 class=\"wp-block-heading\">Agnieszka<br>Abratkiewicz<\/h3>\n\n\n\n<p>Asystent rodziny<\/p>\n\n\n\n<h3 class=\"wp-block-heading\">Agnieszka<br>\u0141abuzi\u0144ska<\/h3>\n\n\n\n<p>G\u0142\u00f3wna ksi\u0119gowa<\/p>\n","protected":false},"excerpt":{"rendered":"<p>Agata\u0141aszczewska Pracownik administracyjny Ma\u0142gorzataLeszczy\u0144ska Pracownik do spraw \u015bwiadcze\u0144 rodzinnych Anna\u015aliwi\u0144ska Pracownik socjalny EmiliaJachowicz Pracownik socjalny MartaB\u0142och Pracownik socjalny AgnieszkaAbratkiewicz Asystent rodziny Agnieszka\u0141abuzi\u0144ska G\u0142\u00f3wna ksi\u0119gowa<\/p>\n","protected":false},"author":1,"featured_media":0,"parent":0,"menu_order":0,"comment_status":"closed","ping_status":"closed","template":"","meta":{"footnotes":""},"class_list":["post-83","page","type-page","status-publish","hentry"],"_links":{"self":[{"href":"https:\/\/bip.bedkow.eu\/index.php\/wp-json\/wp\/v2\/pages\/83","targetHints":{"allow":["GET"]}}],"collection":[{"href":"https:\/\/bip.bedkow.eu\/index.php\/wp-json\/wp\/v2\/pages"}],"about":[{"href":"https:\/\/bip.bedkow.eu\/index.php\/wp-json\/wp\/v2\/types\/page"}],"author":[{"embeddable":true,"href":"https:\/\/bip.bedkow.eu\/index.php\/wp-json\/wp\/v2\/users\/1"}],"replies":[{"embeddable":true,"href":"https:\/\/bip.bedkow.eu\/index.php\/wp-json\/wp\/v2\/comments?post=83"}],"version-history":[{"count":1,"href":"https:\/\/bip.bedkow.eu\/index.php\/wp-json\/wp\/v2\/pages\/83\/revisions"}],"predecessor-version":[{"id":84,"href":"https:\/\/bip.bedkow.eu\/index.php\/wp-json\/wp\/v2\/pages\/83\/revisions\/84"}],"wp:attachment":[{"href":"https:\/\/bip.bedkow.eu\/index.php\/wp-json\/wp\/v2\/media?parent=83"}],"curies":[{"name":"wp","href":"https:\/\/api.w.org\/{rel}","templated":true}]}}