{"id":85,"date":"2025-09-18T08:12:20","date_gmt":"2025-09-18T07:12:20","guid":{"rendered":"https:\/\/bip.bedkow.eu\/?page_id=85"},"modified":"2025-09-18T08:12:20","modified_gmt":"2025-09-18T07:12:20","slug":"dane-adresowe","status":"publish","type":"page","link":"https:\/\/bip.bedkow.eu\/index.php\/dane-adresowe\/","title":{"rendered":"Dane adresowe"},"content":{"rendered":"\n<p><strong>Gminny O\u015brodek Pomocy Spo\u0142ecznej w B\u0119dkowie<\/strong><\/p>\n\n\n\n<p>Adres:<\/p>\n\n\n\n<p><strong>97-319 B\u0119dk\u00f3w<\/strong><\/p>\n\n\n\n<p><strong>ul. Parkowa 3<\/strong><\/p>\n\n\n\n<p>Kontakt:<\/p>\n\n\n\n<p>email: <strong>gops@bedkow.com.pl<\/strong><\/p>\n\n\n\n<p>tel.:<strong> (+48) 44 725 70 17<\/strong><\/p>\n\n\n\n<p>kom.: <strong>(+48) 888 682 055<\/strong><\/p>\n\n\n\n<p>REGON: <strong>004709706<\/strong><\/p>\n\n\n\n<p>NIP: <strong>773 222 34 18<\/strong><\/p>\n\n\n\n<p>Skrzynka urz\u0119dowa:<\/p>\n\n\n\n<p>eDor\u0119czenia: <strong>AE:PL-86527-89903-TRRFW-21<\/strong><\/p>\n\n\n\n<p>ePUAP: <strong>\/bedkowgops\/SkrytkaESP<\/strong><\/p>\n\n\n\n<p>numer konta bankowego:<\/p>\n\n\n\n<p>PL 35 8985 0004 0070 0790 7566 0001<\/p>\n\n\n\n<p><strong>Godziny pracy GOPS w B\u0119dkowie:<\/strong><\/p>\n\n\n\n<p>Poniedzia\u0142ek : 7.30- 15.30<br>Wtorek : 7.30 \u2013 17.00<br>\u015aroda : 7.30- 15.30<br>Czwartek : 7.30- 15.30<br>Pi\u0105tek : 7.30- 14.00<\/p>\n","protected":false},"excerpt":{"rendered":"<p>Gminny O\u015brodek Pomocy Spo\u0142ecznej w B\u0119dkowie Adres: 97-319 B\u0119dk\u00f3w ul. Parkowa 3 Kontakt: email: gops@bedkow.com.pl tel.: (+48) 44 725 70 17 kom.: (+48) 888 682 055 REGON: 004709706 NIP: 773 222 34 18 Skrzynka urz\u0119dowa: eDor\u0119czenia: AE:PL-86527-89903-TRRFW-21 ePUAP: \/bedkowgops\/SkrytkaESP numer konta bankowego: PL 35 8985 0004 0070 0790 7566 0001 Godziny pracy GOPS w B\u0119dkowie: [&hellip;]<\/p>\n","protected":false},"author":1,"featured_media":0,"parent":0,"menu_order":0,"comment_status":"closed","ping_status":"closed","template":"","meta":{"footnotes":""},"class_list":["post-85","page","type-page","status-publish","hentry"],"_links":{"self":[{"href":"https:\/\/bip.bedkow.eu\/index.php\/wp-json\/wp\/v2\/pages\/85","targetHints":{"allow":["GET"]}}],"collection":[{"href":"https:\/\/bip.bedkow.eu\/index.php\/wp-json\/wp\/v2\/pages"}],"about":[{"href":"https:\/\/bip.bedkow.eu\/index.php\/wp-json\/wp\/v2\/types\/page"}],"author":[{"embeddable":true,"href":"https:\/\/bip.bedkow.eu\/index.php\/wp-json\/wp\/v2\/users\/1"}],"replies":[{"embeddable":true,"href":"https:\/\/bip.bedkow.eu\/index.php\/wp-json\/wp\/v2\/comments?post=85"}],"version-history":[{"count":1,"href":"https:\/\/bip.bedkow.eu\/index.php\/wp-json\/wp\/v2\/pages\/85\/revisions"}],"predecessor-version":[{"id":86,"href":"https:\/\/bip.bedkow.eu\/index.php\/wp-json\/wp\/v2\/pages\/85\/revisions\/86"}],"wp:attachment":[{"href":"https:\/\/bip.bedkow.eu\/index.php\/wp-json\/wp\/v2\/media?parent=85"}],"curies":[{"name":"wp","href":"https:\/\/api.w.org\/{rel}","templated":true}]}}