{"id":88,"date":"2025-09-24T14:25:10","date_gmt":"2025-09-24T13:25:10","guid":{"rendered":"https:\/\/bip.bedkow.eu\/?page_id=88"},"modified":"2025-09-24T14:25:10","modified_gmt":"2025-09-24T13:25:10","slug":"rodo","status":"publish","type":"page","link":"https:\/\/bip.bedkow.eu\/index.php\/rodo\/","title":{"rendered":"RODO"},"content":{"rendered":"\n<p>Klauzula informacyjna dotycz\u0105ca przetwarzania danych osobowych<br>w Gminnym O\u015brodku Pomocy Spo\u0142ecznej w B\u0119dkowie<\/p>\n\n\n\n<p>Na podstawie art. 13 Rozporz\u0105dzenia Parlamentu Europejskiego i Rady (UE) 2016\/679 z dnia 27 kwietnia 2016 r. w sprawie<br>ochrony os\u00f3b fizycznych w zwi\u0105zku z przetwarzaniem danych osobowych i w sprawie swobodnego przep\u0142ywu takich danych<br>oraz uchylenia dyrektywy95\/46\/WE (og\u00f3lne rozporz\u0105dzenie o ochronie danych \u2013 RODO) informuje, \u017ce:<\/p>\n\n\n\n<ol class=\"wp-block-list\">\n<li>Administratorem Pa\u0144stwa danych osobowych jest Gminny O\u015brodek Pomocy Spo\u0142ecznej w B\u0119dkowie, ul. Parkowa 3,<br>97-319 B\u0119dk\u00f3w, numer kontaktowy: 44 7257017, e-mail: gops@bedkow.com.pl.<\/li>\n\n\n\n<li>Mog\u0105 Pa\u0144stwo tak\u017ce skontaktowa\u0107 si\u0119 z Administratorem za po\u015brednictwem powo\u0142anego przez niego Inspektora<br>Ochrony Danych: Marta Orlikowska, e-mail: marta.orlikowska@togatus.pl, numer kontaktowy: 608 589 455.<\/li>\n\n\n\n<li>Pani\/Pana dane osobowe przetwarzane s\u0105 wy\u0142\u0105cznie dla cel\u00f3w zwi\u0105zanych z realizacj\u0105 zada\u0144 niezb\u0119dnych do<br>wykonania obowi\u0105zk\u00f3w prawnych ci\u0105\u017c\u0105cych na Administratorze, ich przetwarzanie jest niezb\u0119dne do cel\u00f3w<br>wynikaj\u0105cych z prawnie uzasadnionych interes\u00f3w realizowanych przez Administratora, oraz do ustalenia,<br>dochodzenia lub obrony roszcze\u0144 lub w ramach sprawowania wymiaru sprawiedliwo\u015bci przez s\u0105dy.<\/li>\n\n\n\n<li>Cel przetwarzania Pa\u0144stwa danych zale\u017cy od operacji wykonywanych na Pa\u0144stwa danych osobowych, m. in.<br>rozpatrywanie sk\u0142adanych wniosk\u00f3w, realizacja \u015bwiadcze\u0144 socjalnych, realizacja zada\u0144 ustawowych o\u015brodka<br>pomocy spo\u0142ecznej i inne.<\/li>\n\n\n\n<li>Pa\u0144stwa dane b\u0119d\u0105 przechowywane nie d\u0142u\u017cej ni\u017c jest to okre\u015blone w Rzeczowym Wykazie Akt Gminnego O\u015brodka<br>Pomocy Spo\u0142ecznej w B\u0119dkowie w zale\u017cno\u015bci od kategorii akt sprawy. Po up\u0142ywie okresu przechowywania danych<br>zostan\u0105 one na podstawie zgody Archiwum Pa\u0144stwowego w Piotrkowie Trybunalskim oddane do brakowania.<\/li>\n\n\n\n<li>Administrator mo\u017ce przekazywa\u0107 Pa\u0144stwa dane nast\u0119puj\u0105cym kategoriom odbiorc\u00f3w: podmiotom lub instytucjom<br>przy wsp\u00f3\u0142pracy wykonania obowi\u0105zk\u00f3w prawnych spoczywaj\u0105cych na Administratorze i w jego imieniu, ale tylko<br>te dane, kt\u00f3re s\u0105 niezb\u0119dne do zrealizowania cel\u00f3w.<\/li>\n\n\n\n<li>Administrator nie zamierza przekazywa\u0107 Pa\u0144stwa danych do pa\u0144stwa trzeciego ani do organizacji<br>mi\u0119dzynarodowych.<\/li>\n\n\n\n<li>Maj\u0105 Pa\u0144stwo prawo \u017c\u0105da\u0107 od Administratora dost\u0119pu do swoich danych, ich sprostowania, przenoszenia i usuni\u0119cia<br>oraz ograniczenia przetwarzania danych.<\/li>\n\n\n\n<li>W zwi\u0105zku z przetwarzaniem Pa\u0144stwa danych osobowych przez Administratora przys\u0142uguje Pa\u0144stwu prawo<br>wniesienia skargi do organu nadzorczego tj. do Prezesa Urz\u0119du Ochrony Danych Osobowych.<\/li>\n\n\n\n<li>W oparciu o Pa\u0144stwa dane osobowe Administrator nie b\u0119dzie podejmowa\u0142 wobec Pani\/Pana zautomatyzowanych<br>decyzji, w tym decyzji b\u0119d\u0105cych wynikiem profilowania.<\/li>\n<\/ol>\n","protected":false},"excerpt":{"rendered":"<p>Klauzula informacyjna dotycz\u0105ca przetwarzania danych osobowychw Gminnym O\u015brodku Pomocy Spo\u0142ecznej w B\u0119dkowie Na podstawie art. 13 Rozporz\u0105dzenia Parlamentu Europejskiego i Rady (UE) 2016\/679 z dnia 27 kwietnia 2016 r. w sprawieochrony os\u00f3b fizycznych w zwi\u0105zku z przetwarzaniem danych osobowych i w sprawie swobodnego przep\u0142ywu takich danychoraz uchylenia dyrektywy95\/46\/WE (og\u00f3lne rozporz\u0105dzenie o ochronie danych \u2013 RODO) [&hellip;]<\/p>\n","protected":false},"author":1,"featured_media":0,"parent":0,"menu_order":0,"comment_status":"closed","ping_status":"closed","template":"","meta":{"footnotes":""},"class_list":["post-88","page","type-page","status-publish","hentry"],"_links":{"self":[{"href":"https:\/\/bip.bedkow.eu\/index.php\/wp-json\/wp\/v2\/pages\/88","targetHints":{"allow":["GET"]}}],"collection":[{"href":"https:\/\/bip.bedkow.eu\/index.php\/wp-json\/wp\/v2\/pages"}],"about":[{"href":"https:\/\/bip.bedkow.eu\/index.php\/wp-json\/wp\/v2\/types\/page"}],"author":[{"embeddable":true,"href":"https:\/\/bip.bedkow.eu\/index.php\/wp-json\/wp\/v2\/users\/1"}],"replies":[{"embeddable":true,"href":"https:\/\/bip.bedkow.eu\/index.php\/wp-json\/wp\/v2\/comments?post=88"}],"version-history":[{"count":1,"href":"https:\/\/bip.bedkow.eu\/index.php\/wp-json\/wp\/v2\/pages\/88\/revisions"}],"predecessor-version":[{"id":89,"href":"https:\/\/bip.bedkow.eu\/index.php\/wp-json\/wp\/v2\/pages\/88\/revisions\/89"}],"wp:attachment":[{"href":"https:\/\/bip.bedkow.eu\/index.php\/wp-json\/wp\/v2\/media?parent=88"}],"curies":[{"name":"wp","href":"https:\/\/api.w.org\/{rel}","templated":true}]}}